{"id":10650,"date":"2025-12-05T16:38:22","date_gmt":"2025-12-05T16:38:22","guid":{"rendered":"https:\/\/www.randaludriftteam.com\/uuswp\/?page_id=10650"},"modified":"2026-03-06T15:08:05","modified_gmt":"2026-03-06T13:08:05","slug":"e-poe-muugitingimused","status":"publish","type":"page","link":"https:\/\/www.randaludriftteam.com\/en\/e-poe-muugitingimused\/","title":{"rendered":"Terms and conditions of sale"},"content":{"rendered":"<p>The website is operated by MT\u00dc Randalu Drift Team (registrikood 80591966)<br \/>\nP\u00e4rnu mnt 436,<br \/>\nN\u00f5mme linnaosa,<br \/>\nTallinn,<br \/>\nHarju maakond<\/p>\n<p>Validity and scope of the terms and conditions<br \/>\n1.1. The terms and conditions of sale govern the rights and obligations arising between a customer<br \/>\nof Randalu Drift Team online shop (hereafter: Purchaser) and MT\u00dc Randalu Drift Team (hereafter:<br \/>\nRandalu Drift Team) with the purchase of goods (hereafter: Product\/Products).<br \/>\n1.2. In addition to the Terms and Conditions, the legal relationships arising from the purchase of<br \/>\nProducts from the Randalu Drift Team online shop shall be regulated by the legislation applicable in<br \/>\nthe Republic of Estonia.<br \/>\n1.3. Randalu Drift Team reserves the right to change the Terms and Conditions of Sale and the sales<br \/>\nprices. These changes will be made available on the Randalu Drift Team\u2019s web page<br \/>\nwww.randaludriftteam.com.<br \/>\n1.4. By accepting these conditions, the Purchaser confirms that (s)he has read the Terms and<br \/>\nConditions of Sale, agrees to them and will follow them.<\/p>\n<p>Validity of the sales contract, product and price information<br \/>\nThe terms of sale apply to the purchase of goods from the Online Store.<br \/>\nThe prices of products sold on Randalu Drift Team\u2019s web page are noted in euros as exclusive of any<br \/>\ndelivery costs.<br \/>\nThe fee for delivering the goods depends on the location of the buyer and the method of delivery.<br \/>\nThe delivery fee is displayed to the buyer when completing the order.<br \/>\nInformation about the product is provided in the Webshop directly next to the product.<\/p>\n<p>Placing an order<br \/>\nTo order the goods, you must add the desired products to the shopping cart. To complete the order,<br \/>\nyou must fill in the required data fields and choose the appropriate method of product delivery. The<br \/>\namount of the fee is then displayed on the screen, which can be paid securely through the following<br \/>\npayment methods:<br \/>\nEstonian bank payments: Swedbank, SEB, Luminor, LHV, Coop Pank, Citadele, Pocopay<\/p>\n<p>Payments are mediated by Maksekeskus AS. Payment is made outside the Online Store in a secure<br \/>\nenvironment \u2013 when paying with a bank link, in the secure environment of the respective bank. The<br \/>\nseller does not have access to the customer\u2019s bank and credit card data. The contract enters into<br \/>\nforce from the receipt of the amount to be paid to the online store\u2019s current account.<br \/>\nRandaluDriftTeam.com is the responsible processor of personal data and forwards the personal data<br \/>\nnecessary for making payments to the authorized processor Maksekeskus AS.<br \/>\nIf the ordered goods cannot be delivered due to the end of the goods or for some other reason, the<br \/>\nbuyer will be informed of this as soon as possible and the money paid (including the costs of<br \/>\ndelivering the goods) will be returned without delay, but no later than within 14 days of sending the<br \/>\nnotice.<\/p>\n<p>Delivery<br \/>\nGoods are sent to the following countries: Estonia, Finland, Latvia, Lithuania<br \/>\nTo receive the goods, the buyer has the following options: Itella and Omniva courier company<br \/>\nThe shipping costs of the goods are borne by the buyer, and the corresponding price information is<br \/>\ndisplayed next to the shipping method.<br \/>\nShipments within Estonia generally arrive at the destination specified by the buyer within 10 working<br \/>\ndays from the entry into force of the sales contract.<br \/>\nIn exceptional cases, we have the right to deliver the goods within 45 calendar days.<\/p>\n<p>Right of withdrawal<br \/>\nIf the buyer has explicitly chosen a delivery method other than the cheapest usual delivery method<br \/>\noffered by the Online Store, the Online Store does not have to refund the cost to the consumer that<br \/>\nexceeds the cost associated with the usual delivery method.<br \/>\nThe seller has the right to withdraw from the sales transaction before sending out the goods, if the<br \/>\nprice of the goods in the online store is marked significantly below the market price of the goods due<br \/>\nto a mistake or the goods are currently out of stock due to a mistake. In this case, the Seller will<br \/>\ncontact the buyer as soon as possible and inform about the error. If the buyer wants to cancel the<br \/>\nsales transaction, the Online Store will return the payment made by the Buyer to the Buyer as soon<br \/>\nas possible. If the Seller has mistakenly sent the wrong product to the Buyer, the Buyer is obliged to<br \/>\nnotify the Seller immediately in order to find a mutually satisfactory solution (offset, refund, etc.).<\/p>\n<p>The right to file a claim<br \/>\nThe seller is responsible for the non-compliance or deficiency of the product sold to the buyer.<br \/>\nIn the event of a defect, the buyer has the right to contact the online store within two months at the<br \/>\nlatest by sending an e-mail to info@randaludrift.ee<br \/>\nThe seller is not responsible for defects that have occurred after the goods have been handed over<br \/>\nto the buyer.<\/p>\n<p>If the goods purchased by the Seller have defects for which the Seller is responsible, the Seller will<br \/>\nrepair or replace the defective goods. If it is not possible to repair or replace the goods, the<br \/>\nWebshop will return all fees associated with the sales contract to the buyer.<br \/>\nThe seller shall respond to the consumer\u2019s complaint in writing or in a form that enables written<br \/>\nreproduction within 15 days.<\/p>\n<p>Direct marketing and personal data processing<br \/>\nThe online store and the Seller use the personal data entered by the buyer only to process the order<br \/>\nand send the goods to the buyer. The seller transmits personal data to companies providing<br \/>\ntransport services in order to deliver the goods.<br \/>\nThe online store sends the buyer newsletters and offers to the buyer\u2019s e-mail address only if the<br \/>\nbuyer has expressed his wish to do so by entering an e-mail address on the website and has<br \/>\nindicated his wish to receive direct mail notifications.<br \/>\nThe buyer can opt out of offers and newsletters sent to e-mail at any time by notifying us by e-mail<br \/>\nor by following the instructions in the e-mail containing the offers.<\/p>\n<p>Solving arguments<br \/>\nIf the buyer has complaints about the Online Store, they must be sent to info@randaludrift.ee<br \/>\nIf the buyer and the Online Store cannot resolve the dispute by agreement, the buyer can appeal to<br \/>\nthe Consumer Disputes Committee. The competence of the Consumer Disputes Committee is to<br \/>\nresolve disputes arising from the contract concluded between the buyer and the Online Store.<br \/>\nReview of the buyer\u2019s complaint by the commission is free of charge. The buyer can turn to the<br \/>\nplatform for resolving consumer disputes of the European Union.<\/p>\n<p>The return of the goods<br \/>\nThe return of the goods is done in the same way as the delivery of the goods to the customer. The<br \/>\ncustomer must return the goods to Randalu Drift Team through Omniva or Itella Smartpost parcel<br \/>\nmachine within 14 days.<br \/>\nThe money will be returned after the goods have arrived and been checked by Randalu Drift Team.<br \/>\nIt is important to keep the order number!<\/p>","protected":false},"excerpt":{"rendered":"<p>The website is operated by MT\u00dc Randalu Drift Team (registrikood 80591966) P\u00e4rnu mnt 436, N\u00f5mme linnaosa, Tallinn, Harju maakond Validity<\/p>\n","protected":false},"author":1,"featured_media":0,"parent":0,"menu_order":0,"comment_status":"closed","ping_status":"closed","template":"","meta":{"footnotes":""},"class_list":["post-10650","page","type-page","status-publish","hentry"],"_links":{"self":[{"href":"https:\/\/www.randaludriftteam.com\/en\/wp-json\/wp\/v2\/pages\/10650","targetHints":{"allow":["GET"]}}],"collection":[{"href":"https:\/\/www.randaludriftteam.com\/en\/wp-json\/wp\/v2\/pages"}],"about":[{"href":"https:\/\/www.randaludriftteam.com\/en\/wp-json\/wp\/v2\/types\/page"}],"author":[{"embeddable":true,"href":"https:\/\/www.randaludriftteam.com\/en\/wp-json\/wp\/v2\/users\/1"}],"replies":[{"embeddable":true,"href":"https:\/\/www.randaludriftteam.com\/en\/wp-json\/wp\/v2\/comments?post=10650"}],"version-history":[{"count":4,"href":"https:\/\/www.randaludriftteam.com\/en\/wp-json\/wp\/v2\/pages\/10650\/revisions"}],"predecessor-version":[{"id":11112,"href":"https:\/\/www.randaludriftteam.com\/en\/wp-json\/wp\/v2\/pages\/10650\/revisions\/11112"}],"wp:attachment":[{"href":"https:\/\/www.randaludriftteam.com\/en\/wp-json\/wp\/v2\/media?parent=10650"}],"curies":[{"name":"wp","href":"https:\/\/api.w.org\/{rel}","templated":true}]}}